{"id":1904,"date":"2023-02-22T09:00:16","date_gmt":"2023-02-22T08:00:16","guid":{"rendered":"https:\/\/eterrapartners.com\/pravna-obavestenja\/"},"modified":"2025-10-26T18:11:30","modified_gmt":"2025-10-26T17:11:30","slug":"pravna-obavestenja","status":"publish","type":"page","link":"https:\/\/eterrapartners.com\/sr\/pravna-obavestenja\/","title":{"rendered":"Pravna obave\u0161tenja"},"content":{"rendered":"\t\t<div data-elementor-type=\"wp-page\" data-elementor-id=\"1904\" class=\"elementor elementor-1904 elementor-49\" data-elementor-post-type=\"page\">\n\t\t\t\t\t\t<section class=\"elementor-section elementor-top-section elementor-element elementor-element-fb89bf7 elementor-section-boxed elementor-section-height-default elementor-section-height-default\" data-id=\"fb89bf7\" data-element_type=\"section\" data-e-type=\"section\">\n\t\t\t\t\t\t<div class=\"elementor-container elementor-column-gap-default\">\n\t\t\t\t\t<div class=\"elementor-column elementor-col-100 elementor-top-column elementor-element elementor-element-2b9deaa\" data-id=\"2b9deaa\" data-element_type=\"column\" data-e-type=\"column\">\n\t\t\t<div class=\"elementor-widget-wrap elementor-element-populated\">\n\t\t\t\t\t\t<div class=\"elementor-element elementor-element-579f20e elementor-widget elementor-widget-heading\" data-id=\"579f20e\" data-element_type=\"widget\" data-e-type=\"widget\" data-widget_type=\"heading.default\">\n\t\t\t\t<div class=\"elementor-widget-container\">\n\t\t\t\t\t<h1 class=\"elementor-heading-title elementor-size-default\">Pravna obave\u0161tenja<\/h1>\t\t\t\t<\/div>\n\t\t\t\t<\/div>\n\t\t\t\t<div class=\"elementor-element elementor-element-2eb600f elementor-align-center elementor-widget elementor-widget-breadcrumbs\" data-id=\"2eb600f\" data-element_type=\"widget\" data-e-type=\"widget\" data-widget_type=\"breadcrumbs.default\">\n\t\t\t\t<div class=\"elementor-widget-container\">\n\t\t\t\t\t<p id=\"breadcrumbs\"><span><span><a href=\"https:\/\/eterrapartners.com\/sr\/dobrodosli\/\">Accueil<\/a><\/span><\/span><\/p>\t\t\t\t<\/div>\n\t\t\t\t<\/div>\n\t\t\t\t<div class=\"elementor-element elementor-element-b923771 elementor-widget elementor-widget-text-editor\" data-id=\"b923771\" data-element_type=\"widget\" data-e-type=\"widget\" data-widget_type=\"text-editor.default\">\n\t\t\t\t<div class=\"elementor-widget-container\">\n\t\t\t\t\t\t\t\t\t<p>Kompanija ETERRA PARTNERS, koja se brine o pravima pojedinaca, posebno u pogledu automatizovanih obrada, i u \u017eelji za transparentno\u0161\u0107u sa svojim klijentima, uspostavila je politiku koja obuhvata sve te obrade, ciljeve koji se njima ostvaruju, kao i sredstva akcije na raspolaganju pojedinaca kako bi oni \u0161to bolje mogli da ostvaruju svoja prava.<\/p>\n<p>Za sve dodatne informacije o za\u0161titi li\u010dnih podataka, pozivamo vas da konsultujete sajt: https:\/\/www.cnil.fr\/<\/p>\n<p>Nastavljanje pregleda ovog sajta predstavlja bezrezervno prihvatanje sledec\u0301ih odredbi i uslova kori\u0161c\u0301enja. Prihvatate upotrebu kola\u010dic\u0301a i drugih traga\u010da. <\/p>\n<p>Ako odbijete snimanje kola\u010dic\u0301a u va\u0161em pretra\u017eiva\u010du, vi\u0161e nec\u0301ete moc\u0301i da koristite odre\u0111eni broj funkcionalnosti koje su ipak neophodne za navigaciju u odre\u0111enim delovima sajta.<\/p>\n<p>Tamo gde je primenljivo, ETERRA PARTNERS odbacuje svaku odgovornost za posledice povezane sa oslabljenim radom usluga koje proizilaze iz nemoguc\u0301nosti ETERRA PARTNERS-a da snimi ili konsultuje kola\u010dic\u0301e neophodne za rad sajta, a koje ste odbili ili izbrisali.<\/p>\n<p>Da bismo vam omoguc\u0301ili da upravljate kola\u010dic\u0301ima iz va\u0161eg pretra\u017eiva\u010da, evo liste veza koje zavise od va\u0161eg pretra\u017eiva\u010da:<\/p>\n<p>Internet Explorer i&nbsp;<a href=\"https:\/\/support.microsoft.com\/fr-fr\/help\/17442\/windows-internet-explorer-delete-manage-cookies\">Upravljanje<\/a><\/p>\n<p>Google Chrome: &nbsp;<a href=\"https:\/\/support.google.com\/chrome\/answer\/95647?hl=fr&amp;hlrm=en\">Upravljajte<\/a><\/p>\n<p><a href=\"https:\/\/support.apple.com\/kb\/ph21411?locale=fr_CA\">Safari : Upravljajte<\/a><\/p>\n<p>Firefox &nbsp;<a href=\"https:\/\/support.mozilla.org\/fr\/kb\/activer-desactiver-cookies-preferences?redirectlocale=fr&amp;redirectslug=Activer+et+d%C3%A9sactiver+les+cookies\">G\u00e9rer<\/a><\/p>\n<p>Opera &nbsp; <a href=\"http:\/\/help.opera.com\/Windows\/10.20\/fr\/cookies.html\">upravljati<\/a><\/p>\n<p>&gt;npTako\u0111e mo\u017eete konsultovati zvani\u010dni link CNIL-a koji se bavi kola\u010dic\u0301ima :&nbsp;<a href=\"https:\/\/www.cnil.fr\/fr\/cookies-les-outils-pour-les-maitriser\">CNIL<\/a><\/p>\n<p>Trenutna onlajn verzija ovih uslova kori\u0161c\u0301enja je jedina primenjiva tokom celog trajanja kori\u0161c\u0301enja sajta i dok je ne zameni nova verzija.<\/p>\n<p><strong>\u010cLAN 1 \u2013 PRAVNA OBAVE\u0160TENJE<\/strong><\/p>\n<p>1.1 Site (ci-apr\u00e8s \u00ab le site \u00bb) : eterrapartners.com<\/p>\n<p>1.2 Izdava\u010d (u daljem tekstu \u201eizdava\u010d\u201c): ETERRA PARTNERS \u010dija se centrala nalazi: 23 Avenue Foch 75116 Paris koju zastupa g. Nicolas Fetiveau<\/p>\n<p>Registrovan kod Pariskog RCS 08\/09\/2023.<\/p>\n<p>SIRET : 97834002400014<\/p>\n<p>Broj telefona: 06 09 06 48 05<\/p>\n<p>E-mail : nfetiveau@eterrapartners.com<\/p>\n<p>1.3 H\u00e9bergeur (ci-apr\u00e8s \u00ab l\u2019h\u00e9bergeur \u00bb) :<\/p>\n<p>Domac\u0301in sajta je INFOMANIAK NETVORK SA:<\/p>\n<p>SAS au capital de 102 000 CHF<\/p>\n<p>Handelsregister-Nr : CHE-103.167.648<\/p>\n<p>Si\u00e8ge social : Rue Eug\u00e8ne-Marziano 25 1227 Les Acacias<\/p>\n<p><strong>\u010cLAN 2 \u2013 PRISTUP SAJTU<\/strong><\/p>\n<p>Pristup sajtu i njegovo kori\u0161c\u0301enje rezervisani su za isklju\u010divo li\u010dnu upotrebu. Saglasni ste da nec\u0301ete koristiti ovaj sajt i informacije ili podatke koji se na njemu nalaze u komercijalne, politi\u010dke, reklamne svrhe ili za bilo koji oblik komercijalnog pozivanja, uklju\u010dujuc\u0301i slanje ne\u017eeljenih e-poruka. <\/p>\n<p><strong>\u010cLAN 3 \u2013 SADR\u017dAJ SAJTA<\/strong><\/p>\n<p>Svi brendovi, fotografije, tekstovi, komentari, ilustracije, animirane ili neanimirane slike, video sekvence, zvuci, kao i sve ra\u010dunarske aplikacije koje bi se mogle koristiti za rad ovog sajta i uop\u0161teno govorec\u0301i svi elementi reprodukovani ili kori\u0161c\u0301eni na sajtu su za\u0161tic\u0301eni po va\u017eec\u0301im zakonima u vezi sa intelektualnom svojinom.<\/p>\n<p>Oni su u potpunom vlasni\u0161tvu izdava\u010da ili njegovih partnera. Svaka reprodukcija, predstavljanje, kori\u0161\u0107enje ili adaptacija, bilo u kojoj formi, bilo kog dela ovih elemenata, uklju\u010duju\u0107i i ra\u010dunarske aplikacije, bez prethodnog pisanog pristanka izdava\u010da, su strogo zabranjeni. To \u0161to izdava\u010d ne pokre\u0107e postupak \u010dim sazna za ove neovla\u0161\u0107ene upotrebe ne zna\u010di prihvatanje tih upotreba i odustajanje od gonjenja.  <\/p>\n<p><strong>\u010cLAN 4 \u2013 UPRAVLJANJE LOKACIJOM<\/strong><\/p>\n<p>Za pravilno upravljanje sajtom, izdava\u010d mo\u017ee u bilo kom trenutku:<br>\u2013 obustaviti, prekinuti ili ograni\u010diti pristup celom ili delu sajta, rezervisati pristup sajtu, ili odre\u0111enim delovima sajta, za odre\u0111enu kategoriju korisnika Interneta;<\/p>\n<p>\u2013 Izbrisati sve informacije koje mogu poremetiti njegov rad ili su u suprotnosti sa nacionalnim ili me\u0111unarodnim zakonima, ili pravilima Netikuette-a;<\/p>\n<p>\u2013 Suspendovati sajt kako bi se izvr\u0161ila a\u017euriranja.<\/p>\n<p><strong>\u010cLAN 5 \u2013 ODGOVORNOSTI<\/strong><\/p>\n<p>Izdava\u010d se ne mo\u017ee smatrati odgovornim u slu\u010daju kvara, pote\u0161koc\u0301a ili prekida rada, spre\u010davanja pristupa sajtu ili nekoj od njegovih funkcionalnosti.<\/p>\n<p>Materijal za povezivanje sa sajtom koji koristite je va\u0161a isklju\u010diva odgovornost. Morate preduzeti sve odgovarajuc\u0301e mere da za\u0161titite svoju opremu i sopstvene podatke, posebno od virusnih napada putem Interneta. Tako\u0111e ste isklju\u010divo odgovorni za sajtove i podatke koje konsultujete.  <\/p>\n<p>Izdava\u010d se ne mo\u017ee smatrati odgovornim u slu\u010daju pravnog postupka protiv vas:<\/p>\n<p>\u2013 Zbog kori\u0161c\u0301enja sajta ili bilo koje usluge dostupne putem Interneta;<\/p>\n<p>\u2013 Zbog va\u0161eg nepo\u0161tovanja ovih op\u0161tih uslova.<\/p>\n<p>Izdava\u010d nije odgovoran za \u0161tetu nanesenu vama, trec\u0301im licima i\/ili va\u0161oj opremi kao rezultat va\u0161eg povezivanja ili kori\u0161c\u0301enja sajta i kao rezultat toga se odri\u010dete bilo kakve radnje protiv njega.<\/p>\n<p>Ako bi izdava\u010d bio predmet sporazumnog ili pravnog postupka zbog va\u0161eg kori\u0161c\u0301enja sajta, on se mo\u017ee obratiti protiv vas kako bi dobio nadoknadu za svu \u0161tetu, iznose, osude i tro\u0161kove koji bi mogli nastati iz ovog postupka.<\/p>\n<p><strong>\u010cLAN 6 \u2013 HIPERLINKOVI<\/strong><\/p>\n<p>Izdava\u010d je ovlastio korisnika da uspostavi hipelinkove ka celom ili delu sajta. Svaka veza mora biti uklonjena na jednostavan zahtev izdava\u010da. <\/p>\n<p>Sve informacije dostupne putem linka ka drugim sajtovima nisu pod kontrolom izdava\u010da koji odbija svaku odgovornost za njihov sadr\u017eaj.<\/p>\n<p><strong>\u010cLAN 7 \u2013 PRIKUPLJANJE PODATAKA<\/strong><\/p>\n<p>Va\u0161e podatke prikuplja ETERRA PARTNERS<\/p>\n<p>Li\u010dni podaci ozna\u010davaju svaku informaciju koja se odnosi na identifikovano ili prepoynatljivo fizi\u010dko lice (subjekt podataka); smatra se da je moguc\u0301e identifikovati lice koje se mo\u017ee identifikovati, direktno ili indirektno, posebno pozivanjem na ime, identifikacioni broj ili na jedan ili vi\u0161e specifi\u010dnih elemenata, specifi\u010dnih za njegovo fizi\u010dko, fiziolo\u0161ko, genetsko, psiholo\u0161ko, ekonomsko, kulturno ili socijalno.<\/p>\n<p>Li\u010dne podatke koji se mogu prikupiti na sajtu izdava\u010d uglavnom koristi za upravljanje odnosima sa vama, i gde je primenljivo za obradu va\u0161ih porud\u017ebina.<\/p>\n<p><strong>\u010cLAN 8 \u2013 PRAVO NA PRISTUP, ISPRAVKU I DEREFERENCIRANJE VA\u0160IH PODATAKA<\/strong><\/p>\n<p>Svaka osoba ima pravo na pristup, ispravku i protivljenje svojim li\u010dnim podacima. Svako lice tako\u0111e ima pravo da ograni\u010di obradu u vezi sa njegovom osobom, pravo na dereferenciranje i pravo na prenosivost li\u010dnih podataka koje je prosledilo kontroloru podataka. <\/p>\n<p>Ovo pravo mo\u017eete iskoristiti tako \u0161to c\u0301ete nas kontaktirati na sledec\u0301oj adresi: 23 Avenue Foch 75116 Paris<br>Ili putem e-po\u0161te na: nfetiveau@eterrapartners.com<\/p>\n<p>Uz svaki zahtev mora se prilo\u017eiti fotokopija va\u017eec\u0301eg potpisanog li\u010dnog dokumenta i navesti adresu na kojoj izdava\u010d mo\u017ee da kontaktira podnosioca zahteva. Odgovor c\u0301e biti poslat u roku od mesec dana od prijema zahteva. Ovaj jednomese\u010dni rok mo\u017ee se produ\u017eiti za dva meseca ako to zahteva slo\u017eenost zahteva i\/ili broj zahteva.  <\/p>\n<p>Pored toga, i od zakona br. 2016-1321 od 7. oktobra 2016. godine, osobe koje to \u017eele imaju mogu\u0107nost da organizuju sudbinu svojih podataka nakon smrti. Za vi\u0161e informacija o ovoj temi, mo\u017eete posetiti sajt Komisije za za\u0161titu podataka (CNIL): https:\/\/www.cnil.fr\/. <\/p>\n<p><strong>\u010cLAN 9 \u2013 KORI\u0160C\u0301ENJE PODATAKA<\/strong><\/p>\n<p>Informacije prikupljene mogu biti eventualno prosle\u0111ene tre\u0107im licima povezanim s izdava\u010dem ugovorom za izvr\u0161enje poduhvata potrebnih za upravljanje va\u0161im ra\u010dunom i bez va\u0161eg odobrenja.<\/p>\n<p>U slu\u010daju kr\u0161enja bilo kakvog tipa, za koje bi bile optu\u017eene strane, i za koje bi sudski organi trebali da budu upoznati sa prikupljenim informacijama, ove \u0107e biti nu\u017eno prosle\u0111ene tim organima na njihov izri\u010dit i opravdan zahtev, i vi\u0161e ne\u0107e u\u017eivati za\u0161tite odredaba vezanih za za\u0161titu li\u010dnih podataka.<\/p>\n<p>Kada su odre\u0111ene informacije obavezne za pristup odre\u0111enim karakteristikama sajta, izdava\u010d c\u0301e navesti ovu obaveznu prirodu prilikom unosa podataka.<\/p>\n<p><strong>\u010cLAN 10 \u2013 KOLA\u010cIC\u0301I<\/strong><\/p>\n<p>\u0160ta je \u201ekola\u010dic\u0301\u201c?<\/p>\n<p>Prikupljene informacije mogu se eventualno preneti trec\u0301im licima koja su povezana sa izdava\u010dem ugovorom za izvr\u0161enje podugovorenih zadataka neophodnih za upravljanje va\u0161im nalogom i bez va\u0161eg ovla\u0161c\u0301enja. Prikupljene informacije mogu se eventualno preneti trec\u0301im licima koja su povezana sa izdava\u010dem ugovorom za izvr\u0161enje podugovorenih zadataka neophodnih za upravljanje va\u0161im nalogom i bez va\u0161eg ovla\u0161c\u0301enja. \u201eKola\u010dic\u0301\u201c ili traga\u010d je elektronska datoteka koja se postavlja na terminal (ra\u010dunar, tablet, pametni telefon, itd.) i \u010dita se, na primer, prilikom konsultovanja veb lokacije, \u010ditanja e-po\u0161te, instaliranja ili kori\u0161c\u0301enja softvera ili mobilne aplikacije, bez obzira na tip terminala koji se koristi (izvor: https:\/\/vvv.cnil.fr\/fr\/cookies-traceurs-kue-dit-la-lav).<\/p>\n<p>Pregledavanjem ovog sajta, \u201ekola\u010dic\u0301i\u201c kompanije odgovorne za doti\u010dni sajt i\/ili kompanija trec\u0301ih strana mogu se postaviti na va\u0161 terminal.<\/p>\n<p>Kada prvi put pregledate ovaj sajt, pojavic\u0301e se baner sa obja\u0161njenjem o kori\u0161c\u0301enju \u201ekola\u010dic\u0301a\u201c. Od tada, nastavkom pretra\u017eivanja, smatrac\u0301e se da su klijent i\/ili potencijalni klijenti informisani i da su prihvatili upotrebu navedenih \u201ekola\u010dic\u0301a\u201c. Data saglasnost va\u017eic\u0301e u periodu od trinaest (13) meseci.  <\/p>\n<p>\u201eKola\u010dic\u0301\u201c ili traga\u010d je elektronska datoteka koja se postavlja na terminal (ra\u010dunar, tablet, pametni telefon, itd.) i \u010dita se, na primer, prilikom konsultovanja veb lokacije, \u010ditanja e-po\u0161te, instaliranja ili kori\u0161c\u0301enja softvera ili mobilne aplikacije, bez obzira na tip terminala koji se koristi (izvor: https:\/\/vvv.cnil.fr\/fr\/cookies-traceurs-kue-dit-la-lav).Sve prikupljene informacije c\u0301e se koristiti samo za prac\u0301enje obima, vrste i obrasca saobrac\u0301aja pomoc\u0301u ovog sajta, za razvoj njegovog dizajna i izgleda i za druge administrativne i planske svrhe i generalno za pobolj\u0161anje usluge koju vam nudimo.<\/p>\n<p>Na ovom sajtu su prisutni sledec\u0301i kola\u010dic\u0301i:<\/p>\n<p>PHPSESSID: prac\u0301enje PHP sesije (kriterijumi pretrage, navigacija)<\/p>\n<p>cookie-acceptance-module: Memoriranje prihvatanja kola\u010dic\u0301a<\/p>\n<p>Njihov \u017eivotni vek je trinaest meseci.<\/p>\n<p>Za vi\u0161e informacija o kori\u0161c\u0301enju, upravljanju i brisanju \u201ekola\u010dic\u0301a\u201c, za bilo koji tip pretra\u017eiva\u010da, pozivamo vas da konsultujete sledec\u0301u vezu: https:\/\/vvv.cnil.fr\/fr\/cookies-les -tools-to- gospodar-im.<\/p>\n<p>Ako imate bilo kakve druge informacije koje trebate da znate o svojim informacijama, morac\u0301ete da znate koje su vam informacije potrebne.<\/p>\n<p>Kada su odre\u0111ene informacije obavezne za pristup odre\u0111enim karakteristikama sajta, izdava\u010d c\u0301e navesti ovu obaveznu prirodu prilikom unosa podataka.<\/p>\n<p><strong>\u010cLAN 11 \u2013 FOTOGRAFIJE I PREDSTAVLJANJE PROIZVODA<\/strong><br>Fotografije proizvoda, koje prate njihov opis, nisu ugovorne i ne obavezuju izdava\u010da.<\/p>\n<p><strong>\u010cLAN 12 \u2013 MERODAVNO PRAVO<\/strong><\/p>\n<p>Ovi uslovi kori\u0161c\u0301enja sajta su regulisani francuskim zakonom i podle\u017eu nadle\u017enosti sudova sedi\u0161ta izdava\u010da, podlo\u017eno posebnom pripisivanju nadle\u017enosti koje proizilazi iz odre\u0111enog zakona ili uredbe.<\/p>\n<p><strong>\u010cLAN 13 \u2013 KONTAKTIRAJTE NAS<\/strong><\/p>\n<p>Za sva pitanja, informacije o proizvodima predstavljenim na sajtu, ili u vezi sa samim sajtom, mo\u017eete ostaviti poruku na kontakt formu na stranici Kontakt<\/p>\t\t\t\t\t\t\t\t<\/div>\n\t\t\t\t<\/div>\n\t\t\t\t\t<\/div>\n\t\t<\/div>\n\t\t\t\t\t<\/div>\n\t\t<\/section>\n\t\t\t\t<\/div>\n\t\t","protected":false},"excerpt":{"rendered":"<p>Pravna obave\u0161tenja Kompanija ETERRA PARTNERS, koja se brine o pravima pojedinaca, posebno u pogledu automatizovanih obrada, i u \u017eelji za transparentno\u0161\u0107u sa svojim klijentima, uspostavila je politiku koja obuhvata sve te obrade, ciljeve koji se njima ostvaruju, kao i sredstva akcije na raspolaganju pojedinaca kako bi oni \u0161to bolje mogli da ostvaruju svoja prava. Za [&hellip;]<\/p>\n","protected":false},"author":1,"featured_media":0,"parent":0,"menu_order":0,"comment_status":"closed","ping_status":"closed","template":"","meta":{"footnotes":""},"class_list":["post-1904","page","type-page","status-publish","hentry"],"yoast_head":"<!-- This site is optimized with the Yoast SEO plugin v27.6 - https:\/\/yoast.com\/product\/yoast-seo-wordpress\/ -->\n<title>Pravna obave\u0161tenja - Eterra Partners<\/title>\n<meta name=\"robots\" content=\"index, follow, max-snippet:-1, max-image-preview:large, max-video-preview:-1\" \/>\n<link rel=\"canonical\" href=\"https:\/\/eterrapartners.com\/sr\/pravna-obavestenja\/\" \/>\n<meta property=\"og:locale\" content=\"sr_RS\" \/>\n<meta property=\"og:type\" content=\"article\" \/>\n<meta property=\"og:title\" content=\"Pravna obave\u0161tenja - Eterra Partners\" \/>\n<meta property=\"og:description\" content=\"Pravna obave\u0161tenja Kompanija ETERRA PARTNERS, koja se brine o pravima pojedinaca, posebno u pogledu automatizovanih obrada, i u \u017eelji za transparentno\u0161\u0107u sa svojim klijentima, uspostavila je politiku koja obuhvata sve te obrade, ciljeve koji se njima ostvaruju, kao i sredstva akcije na raspolaganju pojedinaca kako bi oni \u0161to bolje mogli da ostvaruju svoja prava. Za [&hellip;]\" \/>\n<meta property=\"og:url\" content=\"https:\/\/eterrapartners.com\/sr\/pravna-obavestenja\/\" \/>\n<meta property=\"og:site_name\" content=\"Eterra Partners\" \/>\n<meta property=\"article:modified_time\" content=\"2025-10-26T17:11:30+00:00\" \/>\n<meta name=\"twitter:card\" content=\"summary_large_image\" \/>\n<meta name=\"twitter:label1\" content=\"\u041f\u0440\u043e\u0446\u0435\u045a\u0435\u043d\u043e \u0432\u0440\u0435\u043c\u0435 \u0447\u0438\u0442\u0430\u045a\u0430\" \/>\n\t<meta name=\"twitter:data1\" content=\"9 \u043c\u0438\u043d\u0443\u0442\u0430\" \/>\n<script type=\"application\/ld+json\" class=\"yoast-schema-graph\">{\"@context\":\"https:\\\/\\\/schema.org\",\"@graph\":[{\"@type\":\"WebPage\",\"@id\":\"https:\\\/\\\/eterrapartners.com\\\/sr\\\/pravna-obavestenja\\\/\",\"url\":\"https:\\\/\\\/eterrapartners.com\\\/sr\\\/pravna-obavestenja\\\/\",\"name\":\"Pravna obave\u0161tenja - Eterra Partners\",\"isPartOf\":{\"@id\":\"https:\\\/\\\/eterrapartners.com\\\/sr\\\/#website\"},\"datePublished\":\"2023-02-22T08:00:16+00:00\",\"dateModified\":\"2025-10-26T17:11:30+00:00\",\"breadcrumb\":{\"@id\":\"https:\\\/\\\/eterrapartners.com\\\/sr\\\/pravna-obavestenja\\\/#breadcrumb\"},\"inLanguage\":\"sr-RS\",\"potentialAction\":[{\"@type\":\"ReadAction\",\"target\":[\"https:\\\/\\\/eterrapartners.com\\\/sr\\\/pravna-obavestenja\\\/\"]}]},{\"@type\":\"BreadcrumbList\",\"@id\":\"https:\\\/\\\/eterrapartners.com\\\/sr\\\/pravna-obavestenja\\\/#breadcrumb\",\"itemListElement\":[{\"@type\":\"ListItem\",\"position\":1,\"name\":\"Accueil\",\"item\":\"https:\\\/\\\/eterrapartners.com\\\/sr\\\/dobrodosli\\\/\"},{\"@type\":\"ListItem\",\"position\":2,\"name\":\"Pravna obave\u0161tenja\"}]},{\"@type\":\"WebSite\",\"@id\":\"https:\\\/\\\/eterrapartners.com\\\/sr\\\/#website\",\"url\":\"https:\\\/\\\/eterrapartners.com\\\/sr\\\/\",\"name\":\"Eterra Partners\",\"description\":\"\",\"publisher\":{\"@id\":\"https:\\\/\\\/eterrapartners.com\\\/sr\\\/#organization\"},\"potentialAction\":[{\"@type\":\"SearchAction\",\"target\":{\"@type\":\"EntryPoint\",\"urlTemplate\":\"https:\\\/\\\/eterrapartners.com\\\/sr\\\/?s={search_term_string}\"},\"query-input\":{\"@type\":\"PropertyValueSpecification\",\"valueRequired\":true,\"valueName\":\"search_term_string\"}}],\"inLanguage\":\"sr-RS\"},{\"@type\":\"Organization\",\"@id\":\"https:\\\/\\\/eterrapartners.com\\\/sr\\\/#organization\",\"name\":\"Eterra Partners\",\"url\":\"https:\\\/\\\/eterrapartners.com\\\/sr\\\/\",\"logo\":{\"@type\":\"ImageObject\",\"inLanguage\":\"sr-RS\",\"@id\":\"https:\\\/\\\/eterrapartners.com\\\/sr\\\/#\\\/schema\\\/logo\\\/image\\\/\",\"url\":\"https:\\\/\\\/eterrapartners.com\\\/wp-content\\\/uploads\\\/cropped-cercle.png\",\"contentUrl\":\"https:\\\/\\\/eterrapartners.com\\\/wp-content\\\/uploads\\\/cropped-cercle.png\",\"width\":3000,\"height\":3000,\"caption\":\"Eterra Partners\"},\"image\":{\"@id\":\"https:\\\/\\\/eterrapartners.com\\\/sr\\\/#\\\/schema\\\/logo\\\/image\\\/\"}}]}<\/script>\n<!-- \/ Yoast SEO plugin. -->","yoast_head_json":{"title":"Pravna obave\u0161tenja - Eterra Partners","robots":{"index":"index","follow":"follow","max-snippet":"max-snippet:-1","max-image-preview":"max-image-preview:large","max-video-preview":"max-video-preview:-1"},"canonical":"https:\/\/eterrapartners.com\/sr\/pravna-obavestenja\/","og_locale":"sr_RS","og_type":"article","og_title":"Pravna obave\u0161tenja - Eterra Partners","og_description":"Pravna obave\u0161tenja Kompanija ETERRA PARTNERS, koja se brine o pravima pojedinaca, posebno u pogledu automatizovanih obrada, i u \u017eelji za transparentno\u0161\u0107u sa svojim klijentima, uspostavila je politiku koja obuhvata sve te obrade, ciljeve koji se njima ostvaruju, kao i sredstva akcije na raspolaganju pojedinaca kako bi oni \u0161to bolje mogli da ostvaruju svoja prava. Za [&hellip;]","og_url":"https:\/\/eterrapartners.com\/sr\/pravna-obavestenja\/","og_site_name":"Eterra Partners","article_modified_time":"2025-10-26T17:11:30+00:00","twitter_card":"summary_large_image","twitter_misc":{"\u041f\u0440\u043e\u0446\u0435\u045a\u0435\u043d\u043e \u0432\u0440\u0435\u043c\u0435 \u0447\u0438\u0442\u0430\u045a\u0430":"9 \u043c\u0438\u043d\u0443\u0442\u0430"},"schema":{"@context":"https:\/\/schema.org","@graph":[{"@type":"WebPage","@id":"https:\/\/eterrapartners.com\/sr\/pravna-obavestenja\/","url":"https:\/\/eterrapartners.com\/sr\/pravna-obavestenja\/","name":"Pravna obave\u0161tenja - Eterra Partners","isPartOf":{"@id":"https:\/\/eterrapartners.com\/sr\/#website"},"datePublished":"2023-02-22T08:00:16+00:00","dateModified":"2025-10-26T17:11:30+00:00","breadcrumb":{"@id":"https:\/\/eterrapartners.com\/sr\/pravna-obavestenja\/#breadcrumb"},"inLanguage":"sr-RS","potentialAction":[{"@type":"ReadAction","target":["https:\/\/eterrapartners.com\/sr\/pravna-obavestenja\/"]}]},{"@type":"BreadcrumbList","@id":"https:\/\/eterrapartners.com\/sr\/pravna-obavestenja\/#breadcrumb","itemListElement":[{"@type":"ListItem","position":1,"name":"Accueil","item":"https:\/\/eterrapartners.com\/sr\/dobrodosli\/"},{"@type":"ListItem","position":2,"name":"Pravna obave\u0161tenja"}]},{"@type":"WebSite","@id":"https:\/\/eterrapartners.com\/sr\/#website","url":"https:\/\/eterrapartners.com\/sr\/","name":"Eterra Partners","description":"","publisher":{"@id":"https:\/\/eterrapartners.com\/sr\/#organization"},"potentialAction":[{"@type":"SearchAction","target":{"@type":"EntryPoint","urlTemplate":"https:\/\/eterrapartners.com\/sr\/?s={search_term_string}"},"query-input":{"@type":"PropertyValueSpecification","valueRequired":true,"valueName":"search_term_string"}}],"inLanguage":"sr-RS"},{"@type":"Organization","@id":"https:\/\/eterrapartners.com\/sr\/#organization","name":"Eterra Partners","url":"https:\/\/eterrapartners.com\/sr\/","logo":{"@type":"ImageObject","inLanguage":"sr-RS","@id":"https:\/\/eterrapartners.com\/sr\/#\/schema\/logo\/image\/","url":"https:\/\/eterrapartners.com\/wp-content\/uploads\/cropped-cercle.png","contentUrl":"https:\/\/eterrapartners.com\/wp-content\/uploads\/cropped-cercle.png","width":3000,"height":3000,"caption":"Eterra Partners"},"image":{"@id":"https:\/\/eterrapartners.com\/sr\/#\/schema\/logo\/image\/"}}]}},"_links":{"self":[{"href":"https:\/\/eterrapartners.com\/sr\/wp-json\/wp\/v2\/pages\/1904","targetHints":{"allow":["GET"]}}],"collection":[{"href":"https:\/\/eterrapartners.com\/sr\/wp-json\/wp\/v2\/pages"}],"about":[{"href":"https:\/\/eterrapartners.com\/sr\/wp-json\/wp\/v2\/types\/page"}],"author":[{"embeddable":true,"href":"https:\/\/eterrapartners.com\/sr\/wp-json\/wp\/v2\/users\/1"}],"replies":[{"embeddable":true,"href":"https:\/\/eterrapartners.com\/sr\/wp-json\/wp\/v2\/comments?post=1904"}],"version-history":[{"count":3,"href":"https:\/\/eterrapartners.com\/sr\/wp-json\/wp\/v2\/pages\/1904\/revisions"}],"predecessor-version":[{"id":2237,"href":"https:\/\/eterrapartners.com\/sr\/wp-json\/wp\/v2\/pages\/1904\/revisions\/2237"}],"wp:attachment":[{"href":"https:\/\/eterrapartners.com\/sr\/wp-json\/wp\/v2\/media?parent=1904"}],"curies":[{"name":"wp","href":"https:\/\/api.w.org\/{rel}","templated":true}]}}