{"id":1874,"date":"2024-02-22T13:07:37","date_gmt":"2024-02-22T12:07:37","guid":{"rendered":"https:\/\/eterrapartners.com\/nasa-metodologija-poslovne-podrske\/"},"modified":"2025-03-04T17:37:58","modified_gmt":"2025-03-04T16:37:58","slug":"nasa-metodologija-poslovne-podrske","status":"publish","type":"page","link":"https:\/\/eterrapartners.com\/sr\/nasa-metodologija-poslovne-podrske\/","title":{"rendered":"Na\u0161a metodologija poslovne podr\u0161ke"},"content":{"rendered":"\t\t<div data-elementor-type=\"wp-page\" data-elementor-id=\"1874\" class=\"elementor elementor-1874 elementor-1203\" data-elementor-post-type=\"page\">\n\t\t\t\t<div class=\"elementor-element elementor-element-6fb88a9 e-flex e-con-boxed e-con e-parent\" data-id=\"6fb88a9\" data-element_type=\"container\" data-e-type=\"container\">\n\t\t\t\t\t<div class=\"e-con-inner\">\n\t\t\t\t<div class=\"elementor-element elementor-element-753e223 elementor-widget__width-inherit elementor-invisible elementor-widget elementor-widget-heading\" data-id=\"753e223\" data-element_type=\"widget\" data-e-type=\"widget\" data-settings=\"{&quot;_animation&quot;:&quot;fadeInUp&quot;}\" data-widget_type=\"heading.default\">\n\t\t\t\t<div class=\"elementor-widget-container\">\n\t\t\t\t\t<span class=\"elementor-heading-title elementor-size-default\">Vo\u0111eni izvrsno\u0161c\u0301u<\/span>\t\t\t\t<\/div>\n\t\t\t\t<\/div>\n\t\t\t\t<div class=\"elementor-element elementor-element-77932ed elementor-widget__width-inherit elementor-invisible elementor-widget elementor-widget-heading\" data-id=\"77932ed\" data-element_type=\"widget\" data-e-type=\"widget\" data-settings=\"{&quot;_animation&quot;:&quot;fadeInUp&quot;,&quot;_animation_delay&quot;:200}\" data-widget_type=\"heading.default\">\n\t\t\t\t<div class=\"elementor-widget-container\">\n\t\t\t\t\t<h2 class=\"elementor-heading-title elementor-size-default\">Na\u0161a metodologija za siguran uspeh<\/h2>\t\t\t\t<\/div>\n\t\t\t\t<\/div>\n\t\t\t\t<div class=\"elementor-element elementor-element-a15ce94 elementor-widget elementor-widget-text-editor\" data-id=\"a15ce94\" data-element_type=\"widget\" data-e-type=\"widget\" data-widget_type=\"text-editor.default\">\n\t\t\t\t<div class=\"elementor-widget-container\">\n\t\t\t\t\t\t\t\t\t<p>U Eterra Partners, \u010dvrsto verujemo u va\u017enost strukturirane metodologije kako bismo osigurali uspeh na\u0161ih klijenata. Na\u0161 pristup u \u010detiri koraka je pa\u017eljivo osmi\u0161ljen da pru\u017ei jasan pravac i dragocenu podr\u0161ku na svakom koraku. Sve po\u010dinje prvim kontaktom, gde uspostavljamo otvoren i iskren dijalog kako bismo u potpunosti razumeli potrebe i te\u017enje na\u0161ih kupaca. Zatim, na\u0161 tim krec\u0301e u rigoroznu fazu validacije, pa\u017eljivo ispitujuc\u0301i svaki detalj kako bi identifikovao odgovaraju\u0107i pristup Nadovezujuc\u0301i se na ovu sveobuhvatnu analizu, prelazimo na kreiranje strategije po meri, razvijajuc\u0301i akcioni plan precizno prilago\u0111en ciljevima i raspolo\u017eivim resursima. Kona\u010dno, sti\u017eemo do dugo o\u010dekivanog trenutka ishoda transakcije, gde se na\u0161a nepokolebljiva posvec\u0301enost i dokazana stru\u010dnost kombinuju kako bi uspe\u0161no ostvarili aspiracije na\u0161ih klijenata. Na\u0161a metodologija u \u010detiri koraka je mnogo vi\u0161e od samog procesa \u2013 to je posvec\u0301enost izvrsnosti, partnerstvo zasnovano na poverenju i garancija uspeha za svaki projekat koji preduzmemo.<\/p>\n\t\t\t\t\t\t\t\t<\/div>\n\t\t\t\t<\/div>\n\t\t\t\t\t<\/div>\n\t\t\t\t<\/div>\n\t\t\t\t<section class=\"elementor-section elementor-top-section elementor-element elementor-element-dcbdd9a elementor-section-boxed elementor-section-height-default elementor-section-height-default\" data-id=\"dcbdd9a\" data-element_type=\"section\" data-e-type=\"section\">\n\t\t\t\t\t\t<div class=\"elementor-container elementor-column-gap-no\">\n\t\t\t\t\t<div class=\"elementor-column elementor-col-100 elementor-top-column elementor-element elementor-element-6181eab\" data-id=\"6181eab\" data-element_type=\"column\" data-e-type=\"column\">\n\t\t\t<div class=\"elementor-widget-wrap elementor-element-populated\">\n\t\t\t\t\t\t<div class=\"elementor-element elementor-element-b854940 elementor-absolute elementor-hidden-tablet elementor-widget elementor-widget-image\" data-id=\"b854940\" data-element_type=\"widget\" data-e-type=\"widget\" data-settings=\"{&quot;_position&quot;:&quot;absolute&quot;}\" data-widget_type=\"image.default\">\n\t\t\t\t<div class=\"elementor-widget-container\">\n\t\t\t\t\t\t\t\t\t\t\t\t\t\t\t<img decoding=\"async\" width=\"327\" height=\"98\" src=\"https:\/\/eterrapartners.com\/wp-content\/uploads\/Forme2.png\" class=\"attachment-large size-large wp-image-1899\" alt=\"\" srcset=\"https:\/\/eterrapartners.com\/wp-content\/uploads\/Forme2.png 327w, https:\/\/eterrapartners.com\/wp-content\/uploads\/Forme2-300x90.png 300w\" sizes=\"(max-width: 327px) 100vw, 327px\" \/>\t\t\t\t\t\t\t\t\t\t\t\t\t\t\t<\/div>\n\t\t\t\t<\/div>\n\t\t\t\t<div class=\"elementor-element elementor-element-77b67b5 elementor-absolute elementor-hidden-tablet elementor-hidden-mobile elementor-widget elementor-widget-image\" data-id=\"77b67b5\" data-element_type=\"widget\" data-e-type=\"widget\" data-settings=\"{&quot;_position&quot;:&quot;absolute&quot;}\" data-widget_type=\"image.default\">\n\t\t\t\t<div class=\"elementor-widget-container\">\n\t\t\t\t\t\t\t\t\t\t\t\t\t\t\t<img decoding=\"async\" width=\"327\" height=\"98\" src=\"https:\/\/eterrapartners.com\/wp-content\/uploads\/Forme2.png\" class=\"attachment-large size-large wp-image-1899\" alt=\"\" srcset=\"https:\/\/eterrapartners.com\/wp-content\/uploads\/Forme2.png 327w, https:\/\/eterrapartners.com\/wp-content\/uploads\/Forme2-300x90.png 300w\" sizes=\"(max-width: 327px) 100vw, 327px\" \/>\t\t\t\t\t\t\t\t\t\t\t\t\t\t\t<\/div>\n\t\t\t\t<\/div>\n\t\t\t\t<div class=\"elementor-element elementor-element-2ae439c elementor-absolute elementor-hidden-tablet elementor-hidden-mobile elementor-widget elementor-widget-image\" data-id=\"2ae439c\" data-element_type=\"widget\" data-e-type=\"widget\" data-settings=\"{&quot;_position&quot;:&quot;absolute&quot;}\" data-widget_type=\"image.default\">\n\t\t\t\t<div class=\"elementor-widget-container\">\n\t\t\t\t\t\t\t\t\t\t\t\t\t\t\t<img decoding=\"async\" width=\"327\" height=\"98\" src=\"https:\/\/eterrapartners.com\/wp-content\/uploads\/Forme2.png\" class=\"attachment-large size-large wp-image-1899\" alt=\"\" srcset=\"https:\/\/eterrapartners.com\/wp-content\/uploads\/Forme2.png 327w, https:\/\/eterrapartners.com\/wp-content\/uploads\/Forme2-300x90.png 300w\" sizes=\"(max-width: 327px) 100vw, 327px\" \/>\t\t\t\t\t\t\t\t\t\t\t\t\t\t\t<\/div>\n\t\t\t\t<\/div>\n\t\t<div class=\"elementor-element elementor-element-5f67be0 e-con-full e-flex e-con e-parent\" data-id=\"5f67be0\" data-element_type=\"container\" data-e-type=\"container\">\n\t\t<div class=\"elementor-element elementor-element-b50f2f8 e-con-full e-flex elementor-invisible e-con e-child\" data-id=\"b50f2f8\" data-element_type=\"container\" data-e-type=\"container\" data-settings=\"{&quot;animation&quot;:&quot;zoomIn&quot;}\">\n\t\t\t\t<div class=\"elementor-element elementor-element-8013a6d elementor-widget__width-auto elementor-widget-tablet__width-auto elementor-widget-mobile__width-inherit elementor-widget elementor-widget-heading\" data-id=\"8013a6d\" data-element_type=\"widget\" data-e-type=\"widget\" data-widget_type=\"heading.default\">\n\t\t\t\t<div class=\"elementor-widget-container\">\n\t\t\t\t\t<p class=\"elementor-heading-title elementor-size-default\">01.<\/p>\t\t\t\t<\/div>\n\t\t\t\t<\/div>\n\t\t\t\t<div class=\"elementor-element elementor-element-b932891 elementor-widget elementor-widget-icon-box\" data-id=\"b932891\" data-element_type=\"widget\" data-e-type=\"widget\" data-widget_type=\"icon-box.default\">\n\t\t\t\t<div class=\"elementor-widget-container\">\n\t\t\t\t\t\t\t<div class=\"elementor-icon-box-wrapper\">\n\n\t\t\t\n\t\t\t\t\t\t<div class=\"elementor-icon-box-content\">\n\n\t\t\t\t\t\t\t\t\t<h3 class=\"elementor-icon-box-title\">\n\t\t\t\t\t\t<span  >\n\t\t\t\t\t\t\tUspostavljanje kontakta\t\t\t\t\t\t<\/span>\n\t\t\t\t\t<\/h3>\n\t\t\t\t\n\t\t\t\t\t\t\t\t\t<p class=\"elementor-icon-box-description\">\n\t\t\t\t\t\tPrvi kontakt uspostavljen da bi se razumele potrebe i o\u010dekivanja kupaca\t\t\t\t\t<\/p>\n\t\t\t\t\n\t\t\t<\/div>\n\t\t\t\n\t\t<\/div>\n\t\t\t\t\t\t<\/div>\n\t\t\t\t<\/div>\n\t\t\t\t<\/div>\n\t\t<div class=\"elementor-element elementor-element-0bcbe66 e-con-full e-flex elementor-invisible e-con e-child\" data-id=\"0bcbe66\" data-element_type=\"container\" data-e-type=\"container\" data-settings=\"{&quot;animation&quot;:&quot;zoomIn&quot;,&quot;animation_delay&quot;:200}\">\n\t\t\t\t<div class=\"elementor-element elementor-element-5372c5c elementor-widget__width-auto elementor-widget-tablet__width-auto elementor-widget-mobile__width-inherit elementor-widget elementor-widget-heading\" data-id=\"5372c5c\" data-element_type=\"widget\" data-e-type=\"widget\" data-widget_type=\"heading.default\">\n\t\t\t\t<div class=\"elementor-widget-container\">\n\t\t\t\t\t<p class=\"elementor-heading-title elementor-size-default\">02.<\/p>\t\t\t\t<\/div>\n\t\t\t\t<\/div>\n\t\t\t\t<div class=\"elementor-element elementor-element-4b4b4a2 elementor-widget elementor-widget-icon-box\" data-id=\"4b4b4a2\" data-element_type=\"widget\" data-e-type=\"widget\" data-widget_type=\"icon-box.default\">\n\t\t\t\t<div class=\"elementor-widget-container\">\n\t\t\t\t\t\t\t<div class=\"elementor-icon-box-wrapper\">\n\n\t\t\t\n\t\t\t\t\t\t<div class=\"elementor-icon-box-content\">\n\n\t\t\t\t\t\t\t\t\t<h3 class=\"elementor-icon-box-title\">\n\t\t\t\t\t\t<span  >\n\t\t\t\t\t\t\tIstra\u017eivanje i validacija\t\t\t\t\t\t<\/span>\n\t\t\t\t\t<\/h3>\n\t\t\t\t\n\t\t\t\t\t\t\t\t\t<p class=\"elementor-icon-box-description\">\n\t\t\t\t\t\tDubinska analiza potreba i izazova\t\t\t\t\t<\/p>\n\t\t\t\t\n\t\t\t<\/div>\n\t\t\t\n\t\t<\/div>\n\t\t\t\t\t\t<\/div>\n\t\t\t\t<\/div>\n\t\t\t\t<\/div>\n\t\t<div class=\"elementor-element elementor-element-17fba61 e-con-full e-flex elementor-invisible e-con e-child\" data-id=\"17fba61\" data-element_type=\"container\" data-e-type=\"container\" data-settings=\"{&quot;animation&quot;:&quot;zoomIn&quot;,&quot;animation_delay&quot;:400}\">\n\t\t\t\t<div class=\"elementor-element elementor-element-ae588fe elementor-widget__width-auto elementor-widget-tablet__width-auto elementor-widget-mobile__width-inherit elementor-widget elementor-widget-heading\" data-id=\"ae588fe\" data-element_type=\"widget\" data-e-type=\"widget\" data-widget_type=\"heading.default\">\n\t\t\t\t<div class=\"elementor-widget-container\">\n\t\t\t\t\t<p class=\"elementor-heading-title elementor-size-default\">03.<\/p>\t\t\t\t<\/div>\n\t\t\t\t<\/div>\n\t\t\t\t<div class=\"elementor-element elementor-element-f269cc9 elementor-widget elementor-widget-icon-box\" data-id=\"f269cc9\" data-element_type=\"widget\" data-e-type=\"widget\" data-widget_type=\"icon-box.default\">\n\t\t\t\t<div class=\"elementor-widget-container\">\n\t\t\t\t\t\t\t<div class=\"elementor-icon-box-wrapper\">\n\n\t\t\t\n\t\t\t\t\t\t<div class=\"elementor-icon-box-content\">\n\n\t\t\t\t\t\t\t\t\t<h3 class=\"elementor-icon-box-title\">\n\t\t\t\t\t\t<span  >\n\t\t\t\t\t\t\tDizajn strategije\t\t\t\t\t\t<\/span>\n\t\t\t\t\t<\/h3>\n\t\t\t\t\n\t\t\t\t\t\t\t\t\t<p class=\"elementor-icon-box-description\">\n\t\t\t\t\t\tIzrada akcionog plana po meri, u bliskoj saradnji sa klijentom, za postizanje postavljenih ciljeva<br>\t\t\t\t\t<\/p>\n\t\t\t\t\n\t\t\t<\/div>\n\t\t\t\n\t\t<\/div>\n\t\t\t\t\t\t<\/div>\n\t\t\t\t<\/div>\n\t\t\t\t<\/div>\n\t\t<div class=\"elementor-element elementor-element-f8bbf54 e-con-full e-flex elementor-invisible e-con e-child\" data-id=\"f8bbf54\" data-element_type=\"container\" data-e-type=\"container\" data-settings=\"{&quot;animation&quot;:&quot;zoomIn&quot;,&quot;animation_delay&quot;:600}\">\n\t\t\t\t<div class=\"elementor-element elementor-element-e8ccc1c elementor-widget__width-auto elementor-widget-tablet__width-auto elementor-widget-mobile__width-inherit elementor-widget elementor-widget-heading\" data-id=\"e8ccc1c\" data-element_type=\"widget\" data-e-type=\"widget\" data-widget_type=\"heading.default\">\n\t\t\t\t<div class=\"elementor-widget-container\">\n\t\t\t\t\t<p class=\"elementor-heading-title elementor-size-default\">04.<\/p>\t\t\t\t<\/div>\n\t\t\t\t<\/div>\n\t\t\t\t<div class=\"elementor-element elementor-element-73b922c elementor-widget elementor-widget-icon-box\" data-id=\"73b922c\" data-element_type=\"widget\" data-e-type=\"widget\" data-widget_type=\"icon-box.default\">\n\t\t\t\t<div class=\"elementor-widget-container\">\n\t\t\t\t\t\t\t<div class=\"elementor-icon-box-wrapper\">\n\n\t\t\t\n\t\t\t\t\t\t<div class=\"elementor-icon-box-content\">\n\n\t\t\t\t\t\t\t\t\t<h3 class=\"elementor-icon-box-title\">\n\t\t\t\t\t\t<span  >\n\t\t\t\t\t\t\tPrimena i implementacija\t\t\t\t\t\t<\/span>\n\t\t\t\t\t<\/h3>\n\t\t\t\t\n\t\t\t\t\t\t\t\t\t<p class=\"elementor-icon-box-description\">\n\t\t\t\t\t\tSprovo\u0111enje razvijene strategije\t\t\t\t\t<\/p>\n\t\t\t\t\n\t\t\t<\/div>\n\t\t\t\n\t\t<\/div>\n\t\t\t\t\t\t<\/div>\n\t\t\t\t<\/div>\n\t\t\t\t<\/div>\n\t\t\t\t<\/div>\n\t\t\t\t\t<\/div>\n\t\t<\/div>\n\t\t\t\t\t<\/div>\n\t\t<\/section>\n\t\t\t\t<\/div>\n\t\t","protected":false},"excerpt":{"rendered":"<p>Vo\u0111eni izvrsno\u0161c\u0301u Na\u0161a metodologija za siguran uspeh U Eterra Partners, \u010dvrsto verujemo u va\u017enost strukturirane metodologije kako bismo osigurali uspeh na\u0161ih klijenata. Na\u0161 pristup u \u010detiri koraka je pa\u017eljivo osmi\u0161ljen da pru\u017ei jasan pravac i dragocenu podr\u0161ku na svakom koraku. Sve po\u010dinje prvim kontaktom, gde uspostavljamo otvoren i iskren dijalog kako bismo u potpunosti razumeli [&hellip;]<\/p>\n","protected":false},"author":1,"featured_media":0,"parent":0,"menu_order":0,"comment_status":"closed","ping_status":"closed","template":"","meta":{"footnotes":""},"class_list":["post-1874","page","type-page","status-publish","hentry"],"yoast_head":"<!-- This site is optimized with the Yoast SEO plugin v27.6 - https:\/\/yoast.com\/product\/yoast-seo-wordpress\/ -->\n<title>Metodologija poslovne podr\u0161ke - Eterra Partners<\/title>\n<meta name=\"description\" content=\"Otkrijte na\u0161u dokazanu metodologiju za podr\u0161ku kompanijama u njihovom rastu i uskla\u0111enosti sa propisima.\" \/>\n<meta name=\"robots\" content=\"index, follow, max-snippet:-1, max-image-preview:large, max-video-preview:-1\" \/>\n<link rel=\"canonical\" href=\"https:\/\/eterrapartners.com\/sr\/nasa-metodologija-poslovne-podrske\/\" \/>\n<meta property=\"og:locale\" content=\"sr_RS\" \/>\n<meta property=\"og:type\" content=\"article\" \/>\n<meta property=\"og:title\" content=\"Metodologija poslovne podr\u0161ke - Eterra Partners\" \/>\n<meta property=\"og:description\" content=\"Otkrijte na\u0161u dokazanu metodologiju za podr\u0161ku kompanijama u njihovom rastu i uskla\u0111enosti sa propisima.\" \/>\n<meta property=\"og:url\" content=\"https:\/\/eterrapartners.com\/sr\/nasa-metodologija-poslovne-podrske\/\" \/>\n<meta property=\"og:site_name\" content=\"Eterra Partners\" \/>\n<meta property=\"article:modified_time\" content=\"2025-03-04T16:37:58+00:00\" \/>\n<meta property=\"og:image\" content=\"https:\/\/eterrapartners.com\/wp-content\/uploads\/Forme2.png\" \/>\n\t<meta property=\"og:image:width\" content=\"327\" \/>\n\t<meta property=\"og:image:height\" content=\"98\" \/>\n\t<meta property=\"og:image:type\" content=\"image\/png\" \/>\n<meta name=\"twitter:card\" content=\"summary_large_image\" \/>\n<meta name=\"twitter:label1\" content=\"\u041f\u0440\u043e\u0446\u0435\u045a\u0435\u043d\u043e \u0432\u0440\u0435\u043c\u0435 \u0447\u0438\u0442\u0430\u045a\u0430\" \/>\n\t<meta name=\"twitter:data1\" content=\"1 \u043c\u0438\u043d\u0443\u0442\" \/>\n<script type=\"application\/ld+json\" class=\"yoast-schema-graph\">{\"@context\":\"https:\\\/\\\/schema.org\",\"@graph\":[{\"@type\":\"WebPage\",\"@id\":\"https:\\\/\\\/eterrapartners.com\\\/sr\\\/nasa-metodologija-poslovne-podrske\\\/\",\"url\":\"https:\\\/\\\/eterrapartners.com\\\/sr\\\/nasa-metodologija-poslovne-podrske\\\/\",\"name\":\"Metodologija poslovne podr\u0161ke - Eterra Partners\",\"isPartOf\":{\"@id\":\"https:\\\/\\\/eterrapartners.com\\\/sr\\\/#website\"},\"primaryImageOfPage\":{\"@id\":\"https:\\\/\\\/eterrapartners.com\\\/sr\\\/nasa-metodologija-poslovne-podrske\\\/#primaryimage\"},\"image\":{\"@id\":\"https:\\\/\\\/eterrapartners.com\\\/sr\\\/nasa-metodologija-poslovne-podrske\\\/#primaryimage\"},\"thumbnailUrl\":\"https:\\\/\\\/eterrapartners.com\\\/wp-content\\\/uploads\\\/Forme2.png\",\"datePublished\":\"2024-02-22T12:07:37+00:00\",\"dateModified\":\"2025-03-04T16:37:58+00:00\",\"description\":\"Otkrijte na\u0161u dokazanu metodologiju za podr\u0161ku kompanijama u njihovom rastu i uskla\u0111enosti sa propisima.\",\"breadcrumb\":{\"@id\":\"https:\\\/\\\/eterrapartners.com\\\/sr\\\/nasa-metodologija-poslovne-podrske\\\/#breadcrumb\"},\"inLanguage\":\"sr-RS\",\"potentialAction\":[{\"@type\":\"ReadAction\",\"target\":[\"https:\\\/\\\/eterrapartners.com\\\/sr\\\/nasa-metodologija-poslovne-podrske\\\/\"]}]},{\"@type\":\"ImageObject\",\"inLanguage\":\"sr-RS\",\"@id\":\"https:\\\/\\\/eterrapartners.com\\\/sr\\\/nasa-metodologija-poslovne-podrske\\\/#primaryimage\",\"url\":\"https:\\\/\\\/eterrapartners.com\\\/wp-content\\\/uploads\\\/Forme2.png\",\"contentUrl\":\"https:\\\/\\\/eterrapartners.com\\\/wp-content\\\/uploads\\\/Forme2.png\"},{\"@type\":\"BreadcrumbList\",\"@id\":\"https:\\\/\\\/eterrapartners.com\\\/sr\\\/nasa-metodologija-poslovne-podrske\\\/#breadcrumb\",\"itemListElement\":[{\"@type\":\"ListItem\",\"position\":1,\"name\":\"Accueil\",\"item\":\"https:\\\/\\\/eterrapartners.com\\\/sr\\\/dobrodosli\\\/\"},{\"@type\":\"ListItem\",\"position\":2,\"name\":\"Na\u0161a metodologija poslovne podr\u0161ke\"}]},{\"@type\":\"WebSite\",\"@id\":\"https:\\\/\\\/eterrapartners.com\\\/sr\\\/#website\",\"url\":\"https:\\\/\\\/eterrapartners.com\\\/sr\\\/\",\"name\":\"Eterra Partners\",\"description\":\"\",\"publisher\":{\"@id\":\"https:\\\/\\\/eterrapartners.com\\\/sr\\\/#organization\"},\"potentialAction\":[{\"@type\":\"SearchAction\",\"target\":{\"@type\":\"EntryPoint\",\"urlTemplate\":\"https:\\\/\\\/eterrapartners.com\\\/sr\\\/?s={search_term_string}\"},\"query-input\":{\"@type\":\"PropertyValueSpecification\",\"valueRequired\":true,\"valueName\":\"search_term_string\"}}],\"inLanguage\":\"sr-RS\"},{\"@type\":\"Organization\",\"@id\":\"https:\\\/\\\/eterrapartners.com\\\/sr\\\/#organization\",\"name\":\"Eterra Partners\",\"url\":\"https:\\\/\\\/eterrapartners.com\\\/sr\\\/\",\"logo\":{\"@type\":\"ImageObject\",\"inLanguage\":\"sr-RS\",\"@id\":\"https:\\\/\\\/eterrapartners.com\\\/sr\\\/#\\\/schema\\\/logo\\\/image\\\/\",\"url\":\"https:\\\/\\\/eterrapartners.com\\\/wp-content\\\/uploads\\\/cropped-cercle.png\",\"contentUrl\":\"https:\\\/\\\/eterrapartners.com\\\/wp-content\\\/uploads\\\/cropped-cercle.png\",\"width\":3000,\"height\":3000,\"caption\":\"Eterra Partners\"},\"image\":{\"@id\":\"https:\\\/\\\/eterrapartners.com\\\/sr\\\/#\\\/schema\\\/logo\\\/image\\\/\"}}]}<\/script>\n<!-- \/ Yoast SEO plugin. -->","yoast_head_json":{"title":"Metodologija poslovne podr\u0161ke - Eterra Partners","description":"Otkrijte na\u0161u dokazanu metodologiju za podr\u0161ku kompanijama u njihovom rastu i uskla\u0111enosti sa propisima.","robots":{"index":"index","follow":"follow","max-snippet":"max-snippet:-1","max-image-preview":"max-image-preview:large","max-video-preview":"max-video-preview:-1"},"canonical":"https:\/\/eterrapartners.com\/sr\/nasa-metodologija-poslovne-podrske\/","og_locale":"sr_RS","og_type":"article","og_title":"Metodologija poslovne podr\u0161ke - Eterra Partners","og_description":"Otkrijte na\u0161u dokazanu metodologiju za podr\u0161ku kompanijama u njihovom rastu i uskla\u0111enosti sa propisima.","og_url":"https:\/\/eterrapartners.com\/sr\/nasa-metodologija-poslovne-podrske\/","og_site_name":"Eterra Partners","article_modified_time":"2025-03-04T16:37:58+00:00","og_image":[{"width":327,"height":98,"url":"https:\/\/eterrapartners.com\/wp-content\/uploads\/Forme2.png","type":"image\/png"}],"twitter_card":"summary_large_image","twitter_misc":{"\u041f\u0440\u043e\u0446\u0435\u045a\u0435\u043d\u043e \u0432\u0440\u0435\u043c\u0435 \u0447\u0438\u0442\u0430\u045a\u0430":"1 \u043c\u0438\u043d\u0443\u0442"},"schema":{"@context":"https:\/\/schema.org","@graph":[{"@type":"WebPage","@id":"https:\/\/eterrapartners.com\/sr\/nasa-metodologija-poslovne-podrske\/","url":"https:\/\/eterrapartners.com\/sr\/nasa-metodologija-poslovne-podrske\/","name":"Metodologija poslovne podr\u0161ke - Eterra Partners","isPartOf":{"@id":"https:\/\/eterrapartners.com\/sr\/#website"},"primaryImageOfPage":{"@id":"https:\/\/eterrapartners.com\/sr\/nasa-metodologija-poslovne-podrske\/#primaryimage"},"image":{"@id":"https:\/\/eterrapartners.com\/sr\/nasa-metodologija-poslovne-podrske\/#primaryimage"},"thumbnailUrl":"https:\/\/eterrapartners.com\/wp-content\/uploads\/Forme2.png","datePublished":"2024-02-22T12:07:37+00:00","dateModified":"2025-03-04T16:37:58+00:00","description":"Otkrijte na\u0161u dokazanu metodologiju za podr\u0161ku kompanijama u njihovom rastu i uskla\u0111enosti sa propisima.","breadcrumb":{"@id":"https:\/\/eterrapartners.com\/sr\/nasa-metodologija-poslovne-podrske\/#breadcrumb"},"inLanguage":"sr-RS","potentialAction":[{"@type":"ReadAction","target":["https:\/\/eterrapartners.com\/sr\/nasa-metodologija-poslovne-podrske\/"]}]},{"@type":"ImageObject","inLanguage":"sr-RS","@id":"https:\/\/eterrapartners.com\/sr\/nasa-metodologija-poslovne-podrske\/#primaryimage","url":"https:\/\/eterrapartners.com\/wp-content\/uploads\/Forme2.png","contentUrl":"https:\/\/eterrapartners.com\/wp-content\/uploads\/Forme2.png"},{"@type":"BreadcrumbList","@id":"https:\/\/eterrapartners.com\/sr\/nasa-metodologija-poslovne-podrske\/#breadcrumb","itemListElement":[{"@type":"ListItem","position":1,"name":"Accueil","item":"https:\/\/eterrapartners.com\/sr\/dobrodosli\/"},{"@type":"ListItem","position":2,"name":"Na\u0161a metodologija poslovne podr\u0161ke"}]},{"@type":"WebSite","@id":"https:\/\/eterrapartners.com\/sr\/#website","url":"https:\/\/eterrapartners.com\/sr\/","name":"Eterra Partners","description":"","publisher":{"@id":"https:\/\/eterrapartners.com\/sr\/#organization"},"potentialAction":[{"@type":"SearchAction","target":{"@type":"EntryPoint","urlTemplate":"https:\/\/eterrapartners.com\/sr\/?s={search_term_string}"},"query-input":{"@type":"PropertyValueSpecification","valueRequired":true,"valueName":"search_term_string"}}],"inLanguage":"sr-RS"},{"@type":"Organization","@id":"https:\/\/eterrapartners.com\/sr\/#organization","name":"Eterra Partners","url":"https:\/\/eterrapartners.com\/sr\/","logo":{"@type":"ImageObject","inLanguage":"sr-RS","@id":"https:\/\/eterrapartners.com\/sr\/#\/schema\/logo\/image\/","url":"https:\/\/eterrapartners.com\/wp-content\/uploads\/cropped-cercle.png","contentUrl":"https:\/\/eterrapartners.com\/wp-content\/uploads\/cropped-cercle.png","width":3000,"height":3000,"caption":"Eterra Partners"},"image":{"@id":"https:\/\/eterrapartners.com\/sr\/#\/schema\/logo\/image\/"}}]}},"_links":{"self":[{"href":"https:\/\/eterrapartners.com\/sr\/wp-json\/wp\/v2\/pages\/1874","targetHints":{"allow":["GET"]}}],"collection":[{"href":"https:\/\/eterrapartners.com\/sr\/wp-json\/wp\/v2\/pages"}],"about":[{"href":"https:\/\/eterrapartners.com\/sr\/wp-json\/wp\/v2\/types\/page"}],"author":[{"embeddable":true,"href":"https:\/\/eterrapartners.com\/sr\/wp-json\/wp\/v2\/users\/1"}],"replies":[{"embeddable":true,"href":"https:\/\/eterrapartners.com\/sr\/wp-json\/wp\/v2\/comments?post=1874"}],"version-history":[{"count":3,"href":"https:\/\/eterrapartners.com\/sr\/wp-json\/wp\/v2\/pages\/1874\/revisions"}],"predecessor-version":[{"id":2013,"href":"https:\/\/eterrapartners.com\/sr\/wp-json\/wp\/v2\/pages\/1874\/revisions\/2013"}],"wp:attachment":[{"href":"https:\/\/eterrapartners.com\/sr\/wp-json\/wp\/v2\/media?parent=1874"}],"curies":[{"name":"wp","href":"https:\/\/api.w.org\/{rel}","templated":true}]}}